{"id":307,"date":"2021-12-15T23:31:06","date_gmt":"2021-12-15T22:31:06","guid":{"rendered":"http:\/\/1280.fr\/content\/amiral-limousines\/?page_id=307"},"modified":"2021-12-22T21:05:15","modified_gmt":"2021-12-22T20:05:15","slug":"societe","status":"publish","type":"page","link":"http:\/\/1280.fr\/content\/amiral-limousines\/societe\/","title":{"rendered":"Soci\u00e9t\u00e9"},"content":{"rendered":"[vc_section pix_over_visibility=\u00a0\u00bb\u00a0\u00bb css=\u00a0\u00bb.vc_custom_1638919843500{margin-bottom: 50px !important;}\u00a0\u00bb][vc_row pix_particles_check=\u00a0\u00bb\u00a0\u00bb][vc_column]<div  class=\"pix-heading-el text-left \"><div><div class=\"slide-in-container\"><h1 class=\"text-secondary font-weight-bold heading-text el-title_custom_color mb-12\" style=\"\" data-anim-type=\"\" data-anim-delay=\"0\">Soci\u00e9t\u00e9<\/h1><\/div><\/div><\/div>[vc_row_inner css=\u00a0\u00bb.vc_custom_1639607725737{margin-top: 50px !important;}\u00a0\u00bb][vc_column_inner width=\u00a0\u00bb1\/2&Prime;][vc_column_text]Amiral Limousines Services a \u00e9t\u00e9 cr\u00e9\u00e9e en 2001 avec la r\u00e9elle volont\u00e9 de proposer un service de qualit\u00e9 et de proximit\u00e9. Notre soci\u00e9t\u00e9 se compose d&rsquo;une \u00e9quipe de chauffeurs, de commerciaux et administrative.\r\n\r\nSp\u00e9cialis\u00e9e dans le r\u00e9ceptif de VIP , un personnel bilingue et exp\u00e9riment\u00e9 de chauffeurs titulaires d&rsquo;un permis de Grande Remise. Il vous assure ainsi un service de qualit\u00e9 en toute discr\u00e9tion et s\u00e9curit\u00e9.[\/vc_column_text][\/vc_column_inner][vc_column_inner width=\u00a0\u00bb1\/2&Prime;][vc_single_image image=\u00a0\u00bb308&Prime; img_size=\u00a0\u00bbfull\u00a0\u00bb][\/vc_column_inner][\/vc_row_inner][vc_column_text css=\u00a0\u00bb.vc_custom_1639607798978{margin-top: 50px !important;}\u00a0\u00bb]Notre gamme de location de voitures avec chauffeur s&rsquo;\u00e9tend des Limousines Lincoln Am\u00e9ricaines blanches, roses, noires, Hummer Limousines H2 blanche et rose, Rolls royce Phantom blanche et noir, Rolls royce phantom cabriolet blanche, Rolls royce drophead, Rolls royce ghost, Rolls royce DAWN cabriolet blanche,bentley mulsane, ferrari avec chauffeur,Maybach, Mercedes Classe S blanche ou noir, Monospace VIP, Maserati quatroporte, MiniBus de 8\/18 places, Cars et voitures anciennes.\r\n<p class=\"couleur1\">Nous mettons nos voitures avec chauffeur \u00e0 disposition pour toutes sortes d&rsquo;\u00e9v\u00e9nements \u00a0:<\/p>\r\n<span class=\"couleur1\">Pour les Soci\u00e9t\u00e9s \u00a0:\u00a0<\/span>r\u00e9ceptif VIP, Sorties exceptionnelles, Incentives, Support publicitaires (Flocage sur nos Limousines Am\u00e9ricaines pour un \u00e9v\u00e9nement ponctuel), salons, s\u00e9minaires, congr\u00e8s.\r\nCe service vous propose vos transferts aux A\u00e9roports, vos d\u00e9placements locaux, mais aussi les longues distances \u00e0 votre convenance.\r\nNotre flotte de voitures est compos\u00e9e de diff\u00e9rents mod\u00e8les de luxe dont certains disposent de vitres teint\u00e9es afin de mieux pr\u00e9server votre confidentialit\u00e9.\r\nNotre Service Corporate vous permet une externalisation de votre parc de voitures avec chauffeur en proposant des contrats au mois ou \u00e0 l&rsquo;ann\u00e9e.\r\n\r\n<span class=\"couleur1\">Tourisme\u00a0 :<\/span>\u00a0Tours guid\u00e9s, Visite de Paris, Visite \u00e0 travers la France (les Ch\u00e2teaux de la Loire , Barbizon, Versailles, l&rsquo;Abbaye des Vaux de Cernay, Giverny, plages du D\u00e9barquement, le Mont St Michel, Deauville\u2026)\r\n\r\n<span class=\"couleur1\">Pour les Particuliers\u00a0:<\/span>\u00a0Location de Limousine avec d\u00e9coration florale pour un mariage, un enterrement de vie de jeune fille ou enterrement de vie de jeune gar\u00e7on, promenade dans Paris by night ou r\u00e9gion Parisienne, anniversaire,\u2026Vous pouvez \u00e9galement louer nos Limousines pour des \u00e9v\u00e8nements exceptionnels tels que la Saint-Valentin. La location de nos Limousines peut se faire \u00e0 l\u2019heure, \u00e0 la journ\u00e9e ou bien m\u00eame \u00e0 l\u2019ann\u00e9e.\r\n<p class=\"couleur1\">Pour les soci\u00e9t\u00e9s en g\u00e9n\u00e9ral et l&rsquo;\u00e9v\u00e9nementiel en particulier, Amiral Limousines offre une gamme importante de propositions pour vos clients et pour vos supports publicitaires.<\/p>\r\n[\/vc_column_text][\/vc_column][\/vc_row][\/vc_section]","protected":false},"excerpt":{"rendered":"[vc_section pix_over_visibility=\u00a0\u00bb\u00a0\u00bb css=\u00a0\u00bb.vc_custom_1638919843500{margin-bottom: 50px !important;}\u00a0\u00bb][vc_row pix_particles_check=\u00a0\u00bb\u00a0\u00bb][vc_column][vc_row_inner css=\u00a0\u00bb.vc_custom_1639607725737{margin-top: 50px !important;}\u00a0\u00bb][vc_column_inner width=\u00a0\u00bb1\/2&Prime;][vc_column_text]Amiral Limousines Services a \u00e9t\u00e9 cr\u00e9\u00e9e en 2001 avec la r\u00e9elle volont\u00e9 de proposer un service de qualit\u00e9 et de proximit\u00e9. Notre soci\u00e9t\u00e9 se compose d&rsquo;une \u00e9quipe de chauffeurs, de commerciaux&#8230;","protected":false},"author":1,"featured_media":0,"parent":0,"menu_order":0,"comment_status":"closed","ping_status":"closed","template":"","meta":{"footnotes":""},"class_list":["post-307","page","type-page","status-publish","hentry"],"yoast_head":"<!-- This site is optimized with the Yoast SEO plugin v17.8 - https:\/\/yoast.com\/wordpress\/plugins\/seo\/ -->\n<title>Soci\u00e9t\u00e9 - Amiral Limousines<\/title>\n<meta name=\"description\" content=\"A Paris, Amiral Limousines vous propose une sortie d&#039;1h, 2h ou plus dans une berline haut de gamme ou dans une superbe Rolls Royce.\" \/>\n<meta name=\"robots\" content=\"noindex, follow, max-snippet:-1, max-image-preview:large, max-video-preview:-1\" \/>\n<meta property=\"og:locale\" content=\"fr_FR\" \/>\n<meta property=\"og:type\" content=\"article\" \/>\n<meta property=\"og:title\" content=\"Soci\u00e9t\u00e9 - Amiral Limousines\" \/>\n<meta property=\"og:description\" content=\"A Paris, Amiral Limousines vous propose une sortie d&#039;1h, 2h ou plus dans une berline haut de gamme ou dans une superbe Rolls Royce.\" \/>\n<meta property=\"og:url\" content=\"http:\/\/1280.fr\/content\/amiral-limousines\/societe\/\" \/>\n<meta property=\"og:site_name\" content=\"Amiral Limousines\" \/>\n<meta property=\"article:modified_time\" content=\"2021-12-22T20:05:15+00:00\" \/>\n<meta name=\"twitter:card\" content=\"summary_large_image\" \/>\n<meta name=\"twitter:label1\" content=\"Dur\u00e9e de lecture estim\u00e9e\" \/>\n\t<meta name=\"twitter:data1\" content=\"2 minutes\" \/>\n<script type=\"application\/ld+json\" class=\"yoast-schema-graph\">{\"@context\":\"https:\/\/schema.org\",\"@graph\":[{\"@type\":\"WebSite\",\"@id\":\"http:\/\/1280.fr\/content\/amiral-limousines\/#website\",\"url\":\"http:\/\/1280.fr\/content\/amiral-limousines\/\",\"name\":\"Amiral Limousines\",\"description\":\"Sp\\u00e9cialiste de la location de v\\u00e9hicules d&#039;exception\",\"potentialAction\":[{\"@type\":\"SearchAction\",\"target\":{\"@type\":\"EntryPoint\",\"urlTemplate\":\"http:\/\/1280.fr\/content\/amiral-limousines\/?s={search_term_string}\"},\"query-input\":\"required name=search_term_string\"}],\"inLanguage\":\"fr-FR\"},{\"@type\":\"WebPage\",\"@id\":\"http:\/\/1280.fr\/content\/amiral-limousines\/societe\/#webpage\",\"url\":\"http:\/\/1280.fr\/content\/amiral-limousines\/societe\/\",\"name\":\"Soci\\u00e9t\\u00e9 - Amiral Limousines\",\"isPartOf\":{\"@id\":\"http:\/\/1280.fr\/content\/amiral-limousines\/#website\"},\"datePublished\":\"2021-12-15T22:31:06+00:00\",\"dateModified\":\"2021-12-22T20:05:15+00:00\",\"description\":\"A Paris, Amiral Limousines vous propose une sortie d'1h, 2h ou plus dans une berline haut de gamme ou dans une superbe Rolls Royce.\",\"breadcrumb\":{\"@id\":\"http:\/\/1280.fr\/content\/amiral-limousines\/societe\/#breadcrumb\"},\"inLanguage\":\"fr-FR\",\"potentialAction\":[{\"@type\":\"ReadAction\",\"target\":[\"http:\/\/1280.fr\/content\/amiral-limousines\/societe\/\"]}]},{\"@type\":\"BreadcrumbList\",\"@id\":\"http:\/\/1280.fr\/content\/amiral-limousines\/societe\/#breadcrumb\",\"itemListElement\":[{\"@type\":\"ListItem\",\"position\":1,\"name\":\"Accueil\",\"item\":\"http:\/\/1280.fr\/content\/amiral-limousines\/\"},{\"@type\":\"ListItem\",\"position\":2,\"name\":\"Soci\\u00e9t\\u00e9\"}]}]}<\/script>\n<!-- \/ Yoast SEO plugin. -->","yoast_head_json":{"title":"Soci\u00e9t\u00e9 - Amiral Limousines","description":"A Paris, Amiral Limousines vous propose une sortie d'1h, 2h ou plus dans une berline haut de gamme ou dans une superbe Rolls Royce.","robots":{"index":"noindex","follow":"follow","max-snippet":"max-snippet:-1","max-image-preview":"max-image-preview:large","max-video-preview":"max-video-preview:-1"},"og_locale":"fr_FR","og_type":"article","og_title":"Soci\u00e9t\u00e9 - Amiral Limousines","og_description":"A Paris, Amiral Limousines vous propose une sortie d'1h, 2h ou plus dans une berline haut de gamme ou dans une superbe Rolls Royce.","og_url":"http:\/\/1280.fr\/content\/amiral-limousines\/societe\/","og_site_name":"Amiral Limousines","article_modified_time":"2021-12-22T20:05:15+00:00","twitter_card":"summary_large_image","twitter_misc":{"Dur\u00e9e de lecture estim\u00e9e":"2 minutes"},"schema":{"@context":"https:\/\/schema.org","@graph":[{"@type":"WebSite","@id":"http:\/\/1280.fr\/content\/amiral-limousines\/#website","url":"http:\/\/1280.fr\/content\/amiral-limousines\/","name":"Amiral Limousines","description":"Sp\u00e9cialiste de la location de v\u00e9hicules d&#039;exception","potentialAction":[{"@type":"SearchAction","target":{"@type":"EntryPoint","urlTemplate":"http:\/\/1280.fr\/content\/amiral-limousines\/?s={search_term_string}"},"query-input":"required name=search_term_string"}],"inLanguage":"fr-FR"},{"@type":"WebPage","@id":"http:\/\/1280.fr\/content\/amiral-limousines\/societe\/#webpage","url":"http:\/\/1280.fr\/content\/amiral-limousines\/societe\/","name":"Soci\u00e9t\u00e9 - Amiral Limousines","isPartOf":{"@id":"http:\/\/1280.fr\/content\/amiral-limousines\/#website"},"datePublished":"2021-12-15T22:31:06+00:00","dateModified":"2021-12-22T20:05:15+00:00","description":"A Paris, Amiral Limousines vous propose une sortie d'1h, 2h ou plus dans une berline haut de gamme ou dans une superbe Rolls Royce.","breadcrumb":{"@id":"http:\/\/1280.fr\/content\/amiral-limousines\/societe\/#breadcrumb"},"inLanguage":"fr-FR","potentialAction":[{"@type":"ReadAction","target":["http:\/\/1280.fr\/content\/amiral-limousines\/societe\/"]}]},{"@type":"BreadcrumbList","@id":"http:\/\/1280.fr\/content\/amiral-limousines\/societe\/#breadcrumb","itemListElement":[{"@type":"ListItem","position":1,"name":"Accueil","item":"http:\/\/1280.fr\/content\/amiral-limousines\/"},{"@type":"ListItem","position":2,"name":"Soci\u00e9t\u00e9"}]}]}},"_links":{"self":[{"href":"http:\/\/1280.fr\/content\/amiral-limousines\/wp-json\/wp\/v2\/pages\/307","targetHints":{"allow":["GET"]}}],"collection":[{"href":"http:\/\/1280.fr\/content\/amiral-limousines\/wp-json\/wp\/v2\/pages"}],"about":[{"href":"http:\/\/1280.fr\/content\/amiral-limousines\/wp-json\/wp\/v2\/types\/page"}],"author":[{"embeddable":true,"href":"http:\/\/1280.fr\/content\/amiral-limousines\/wp-json\/wp\/v2\/users\/1"}],"replies":[{"embeddable":true,"href":"http:\/\/1280.fr\/content\/amiral-limousines\/wp-json\/wp\/v2\/comments?post=307"}],"version-history":[{"count":6,"href":"http:\/\/1280.fr\/content\/amiral-limousines\/wp-json\/wp\/v2\/pages\/307\/revisions"}],"predecessor-version":[{"id":315,"href":"http:\/\/1280.fr\/content\/amiral-limousines\/wp-json\/wp\/v2\/pages\/307\/revisions\/315"}],"wp:attachment":[{"href":"http:\/\/1280.fr\/content\/amiral-limousines\/wp-json\/wp\/v2\/media?parent=307"}],"curies":[{"name":"wp","href":"https:\/\/api.w.org\/{rel}","templated":true}]}}