{"id":568,"date":"2021-12-22T22:09:23","date_gmt":"2021-12-22T21:09:23","guid":{"rendered":"http:\/\/1280.fr\/content\/amiral-limousines\/?page_id=568"},"modified":"2021-12-22T22:12:22","modified_gmt":"2021-12-22T21:12:22","slug":"les-demandes-specifiques","status":"publish","type":"page","link":"http:\/\/1280.fr\/content\/amiral-limousines\/les-demandes-specifiques\/","title":{"rendered":"Les demandes sp\u00e9cifiques"},"content":{"rendered":"<p>[vc_section pix_over_visibility=\u00a0\u00bb\u00a0\u00bb css=\u00a0\u00bb.vc_custom_1638919843500{margin-bottom: 50px !important;}\u00a0\u00bb][vc_row pix_particles_check=\u00a0\u00bb\u00a0\u00bb][vc_column]<div  class=\"pix-heading-el text-left \"><div><div class=\"slide-in-container\"><h1 class=\"text-secondary font-weight-bold heading-text el-title_custom_color mb-12\" style=\"\" data-anim-type=\"\" data-anim-delay=\"0\">Corporate : les demandes sp\u00e9cifiques<\/h1><\/div><\/div><\/div>[vc_column_text css=\u00a0\u00bb.vc_custom_1640207431702{margin-top: 50px !important;}\u00a0\u00bb]Pour nous adresser une demande sp\u00e9cifique :[\/vc_column_text]<div role=\"form\" class=\"wpcf7\" id=\"wpcf7-f571-o1\" lang=\"fr-FR\" dir=\"ltr\">\n<div class=\"screen-reader-response\"><p role=\"status\" aria-live=\"polite\" aria-atomic=\"true\"><\/p> <ul><\/ul><\/div>\n<form action=\"\/content\/amiral-limousines\/wp-json\/wp\/v2\/pages\/568#wpcf7-f571-o1\" method=\"post\" class=\"wpcf7-form init\" novalidate=\"novalidate\" data-status=\"init\">\n<div style=\"display: none;\">\n<input type=\"hidden\" name=\"_wpcf7\" value=\"571\" \/>\n<input type=\"hidden\" name=\"_wpcf7_version\" value=\"5.5.2\" \/>\n<input type=\"hidden\" name=\"_wpcf7_locale\" value=\"fr_FR\" \/>\n<input type=\"hidden\" name=\"_wpcf7_unit_tag\" value=\"wpcf7-f571-o1\" \/>\n<input type=\"hidden\" name=\"_wpcf7_container_post\" value=\"0\" \/>\n<input type=\"hidden\" name=\"_wpcf7_posted_data_hash\" value=\"\" \/>\n<\/div>\n<div class=\"pix-contact7-form\"><fieldset>\n<legend>Votre besoin :<\/legend>\n<p><label>V\u00e9hicule souhait\u00e9<br \/>\n    <span class=\"wpcf7-form-control-wrap your-vehicule\"><input type=\"text\" name=\"your-vehicule\" value=\"\" size=\"40\" class=\"wpcf7-form-control wpcf7-text wpcf7-validates-as-required\" aria-required=\"true\" aria-invalid=\"false\" \/><\/span> <\/label><br \/>\n<\/fieldset>\n<fieldset>\n<legend>Chauffeur :<\/legend>\n<p><label>Tranche d'\u00e2ge<br \/>\n    <span class=\"wpcf7-form-control-wrap menu-416\"><select name=\"menu-416\" class=\"wpcf7-form-control wpcf7-select\" aria-invalid=\"false\"><option value=\"+ 35 ans\">+ 35 ans<\/option><option value=\"- 35 ans\">- 35 ans<\/option><\/select><\/span> <\/label><br \/>\n<label>Bilingue<br \/>\n    <span class=\"wpcf7-form-control-wrap menu-417\"><select name=\"menu-417\" class=\"wpcf7-form-control wpcf7-select\" aria-invalid=\"false\"><option value=\"oui\">oui<\/option><option value=\"non\">non<\/option><\/select><\/span> <\/label><br \/>\n<label>Si oui, quelle langue ?<br \/>\n    <span class=\"wpcf7-form-control-wrap menu-701\"><select name=\"menu-701\" class=\"wpcf7-form-control wpcf7-select\" aria-invalid=\"false\"><option value=\"anglais\">anglais<\/option><option value=\"espagnol\">espagnol<\/option><option value=\"chinois\">chinois<\/option><option value=\"arabe\">arabe<\/option><\/select><\/span><\/label><br \/>\n<label>ou autre<br \/>\n    <span class=\"wpcf7-form-control-wrap your-langue\"><input type=\"text\" name=\"your-langue\" value=\"\" size=\"40\" class=\"wpcf7-form-control wpcf7-text wpcf7-validates-as-required\" aria-required=\"true\" aria-invalid=\"false\" \/><\/span><\/label><br \/>\n<\/fieldset>\n<fieldset>\n<legend>Nous contacter :<\/legend>\n<p>Pour toute information ou demande compl\u00e9mentaire,<br \/>\nnous sommes disponibles 7 jours \/ 7 au :+33 (0)1 30 43 24 41<\/p><\/fieldset>\n<fieldset>\n<legend>Vous contacter :<\/legend>\n<p><label> Nom<br \/>\n    <span class=\"wpcf7-form-control-wrap your-name\"><input type=\"text\" name=\"your-name\" value=\"\" size=\"40\" class=\"wpcf7-form-control wpcf7-text wpcf7-validates-as-required\" aria-required=\"true\" aria-invalid=\"false\" \/><\/span> <\/label><br \/>\n<label> Soci\u00e9t\u00e9<br \/>\n    <span class=\"wpcf7-form-control-wrap your-societe\"><input type=\"text\" name=\"your-societe\" value=\"\" size=\"40\" class=\"wpcf7-form-control wpcf7-text wpcf7-validates-as-required\" aria-required=\"true\" aria-invalid=\"false\" \/><\/span> <\/label><br \/>\n<label> E-mail<br \/>\n    <span class=\"wpcf7-form-control-wrap your-email\"><input type=\"email\" name=\"your-email\" value=\"\" size=\"40\" class=\"wpcf7-form-control wpcf7-text wpcf7-email wpcf7-validates-as-required wpcf7-validates-as-email\" aria-required=\"true\" aria-invalid=\"false\" \/><\/span><\/label><br \/>\n<label> Tel<br \/>\n    <span class=\"wpcf7-form-control-wrap tel-45\"><input type=\"tel\" name=\"tel-45\" value=\"\" size=\"40\" class=\"wpcf7-form-control wpcf7-text wpcf7-tel wpcf7-validates-as-tel\" aria-invalid=\"false\" \/><\/span> <\/label><br \/>\n<label> Adresse<br \/>\n    <span class=\"wpcf7-form-control-wrap your-adresse\"><input type=\"text\" name=\"your-adresse\" value=\"\" size=\"40\" class=\"wpcf7-form-control wpcf7-text wpcf7-validates-as-required\" aria-required=\"true\" aria-invalid=\"false\" \/><\/span> <\/label><br \/>\n<label> Pays<br \/>\n    <span class=\"wpcf7-form-control-wrap your-pays\"><input type=\"text\" name=\"your-pays\" value=\"\" size=\"40\" class=\"wpcf7-form-control wpcf7-text wpcf7-validates-as-required\" aria-required=\"true\" aria-invalid=\"false\" \/><\/span> <\/label><br \/>\n<label> Message<br \/>\n    <span class=\"wpcf7-form-control-wrap your-message\"><textarea name=\"your-message\" cols=\"40\" rows=\"10\" class=\"wpcf7-form-control wpcf7-textarea\" aria-invalid=\"false\"><\/textarea><\/span> <\/label><br \/>\n<\/fieldset>\n<p><input type=\"submit\" value=\"Envoyer\" class=\"wpcf7-form-control has-spinner wpcf7-submit\" \/><\/p>\n<\/div><div class=\"wpcf7-response-output\" aria-hidden=\"true\"><\/div><\/form><\/div>[\/vc_column][\/vc_row][\/vc_section]<\/p>\r\n","protected":false},"excerpt":{"rendered":"[vc_section pix_over_visibility=\u00a0\u00bb\u00a0\u00bb css=\u00a0\u00bb.vc_custom_1638919843500{margin-bottom: 50px !important;}\u00a0\u00bb][vc_row pix_particles_check=\u00a0\u00bb\u00a0\u00bb][vc_column][vc_column_text css=\u00a0\u00bb.vc_custom_1640207431702{margin-top: 50px !important;}\u00a0\u00bb]Pour nous adresser une demande sp\u00e9cifique :[\/vc_column_text][\/vc_column][\/vc_row][\/vc_section]","protected":false},"author":1,"featured_media":0,"parent":0,"menu_order":0,"comment_status":"closed","ping_status":"closed","template":"","meta":{"footnotes":""},"class_list":["post-568","page","type-page","status-publish","hentry"],"yoast_head":"<!-- This site is optimized with the Yoast SEO plugin v17.8 - https:\/\/yoast.com\/wordpress\/plugins\/seo\/ -->\n<title>Les demandes sp\u00e9cifiques - Amiral Limousines<\/title>\n<meta name=\"description\" content=\"Amiral Limousines vous propose de louer des voitures avec chauffeur sp\u00e9cialement adapt\u00e9es aux besoins des entreprises.\" \/>\n<meta name=\"robots\" content=\"noindex, follow, max-snippet:-1, max-image-preview:large, max-video-preview:-1\" \/>\n<meta property=\"og:locale\" content=\"fr_FR\" \/>\n<meta property=\"og:type\" content=\"article\" \/>\n<meta property=\"og:title\" content=\"Les demandes sp\u00e9cifiques - Amiral Limousines\" \/>\n<meta property=\"og:description\" content=\"Amiral Limousines vous propose de louer des voitures avec chauffeur sp\u00e9cialement adapt\u00e9es aux besoins des entreprises.\" \/>\n<meta property=\"og:url\" content=\"http:\/\/1280.fr\/content\/amiral-limousines\/les-demandes-specifiques\/\" \/>\n<meta property=\"og:site_name\" content=\"Amiral Limousines\" \/>\n<meta property=\"article:modified_time\" content=\"2021-12-22T21:12:22+00:00\" \/>\n<meta name=\"twitter:card\" content=\"summary_large_image\" \/>\n<script type=\"application\/ld+json\" class=\"yoast-schema-graph\">{\"@context\":\"https:\/\/schema.org\",\"@graph\":[{\"@type\":\"WebSite\",\"@id\":\"http:\/\/1280.fr\/content\/amiral-limousines\/#website\",\"url\":\"http:\/\/1280.fr\/content\/amiral-limousines\/\",\"name\":\"Amiral Limousines\",\"description\":\"Sp\\u00e9cialiste de la location de v\\u00e9hicules d&#039;exception\",\"potentialAction\":[{\"@type\":\"SearchAction\",\"target\":{\"@type\":\"EntryPoint\",\"urlTemplate\":\"http:\/\/1280.fr\/content\/amiral-limousines\/?s={search_term_string}\"},\"query-input\":\"required name=search_term_string\"}],\"inLanguage\":\"fr-FR\"},{\"@type\":\"WebPage\",\"@id\":\"http:\/\/1280.fr\/content\/amiral-limousines\/les-demandes-specifiques\/#webpage\",\"url\":\"http:\/\/1280.fr\/content\/amiral-limousines\/les-demandes-specifiques\/\",\"name\":\"Les demandes sp\\u00e9cifiques - Amiral Limousines\",\"isPartOf\":{\"@id\":\"http:\/\/1280.fr\/content\/amiral-limousines\/#website\"},\"datePublished\":\"2021-12-22T21:09:23+00:00\",\"dateModified\":\"2021-12-22T21:12:22+00:00\",\"description\":\"Amiral Limousines vous propose de louer des voitures avec chauffeur sp\\u00e9cialement adapt\\u00e9es aux besoins des entreprises.\",\"breadcrumb\":{\"@id\":\"http:\/\/1280.fr\/content\/amiral-limousines\/les-demandes-specifiques\/#breadcrumb\"},\"inLanguage\":\"fr-FR\",\"potentialAction\":[{\"@type\":\"ReadAction\",\"target\":[\"http:\/\/1280.fr\/content\/amiral-limousines\/les-demandes-specifiques\/\"]}]},{\"@type\":\"BreadcrumbList\",\"@id\":\"http:\/\/1280.fr\/content\/amiral-limousines\/les-demandes-specifiques\/#breadcrumb\",\"itemListElement\":[{\"@type\":\"ListItem\",\"position\":1,\"name\":\"Accueil\",\"item\":\"http:\/\/1280.fr\/content\/amiral-limousines\/\"},{\"@type\":\"ListItem\",\"position\":2,\"name\":\"Les demandes sp\\u00e9cifiques\"}]}]}<\/script>\n<!-- \/ Yoast SEO plugin. -->","yoast_head_json":{"title":"Les demandes sp\u00e9cifiques - Amiral Limousines","description":"Amiral Limousines vous propose de louer des voitures avec chauffeur sp\u00e9cialement adapt\u00e9es aux besoins des entreprises.","robots":{"index":"noindex","follow":"follow","max-snippet":"max-snippet:-1","max-image-preview":"max-image-preview:large","max-video-preview":"max-video-preview:-1"},"og_locale":"fr_FR","og_type":"article","og_title":"Les demandes sp\u00e9cifiques - Amiral Limousines","og_description":"Amiral Limousines vous propose de louer des voitures avec chauffeur sp\u00e9cialement adapt\u00e9es aux besoins des entreprises.","og_url":"http:\/\/1280.fr\/content\/amiral-limousines\/les-demandes-specifiques\/","og_site_name":"Amiral Limousines","article_modified_time":"2021-12-22T21:12:22+00:00","twitter_card":"summary_large_image","schema":{"@context":"https:\/\/schema.org","@graph":[{"@type":"WebSite","@id":"http:\/\/1280.fr\/content\/amiral-limousines\/#website","url":"http:\/\/1280.fr\/content\/amiral-limousines\/","name":"Amiral Limousines","description":"Sp\u00e9cialiste de la location de v\u00e9hicules d&#039;exception","potentialAction":[{"@type":"SearchAction","target":{"@type":"EntryPoint","urlTemplate":"http:\/\/1280.fr\/content\/amiral-limousines\/?s={search_term_string}"},"query-input":"required name=search_term_string"}],"inLanguage":"fr-FR"},{"@type":"WebPage","@id":"http:\/\/1280.fr\/content\/amiral-limousines\/les-demandes-specifiques\/#webpage","url":"http:\/\/1280.fr\/content\/amiral-limousines\/les-demandes-specifiques\/","name":"Les demandes sp\u00e9cifiques - Amiral Limousines","isPartOf":{"@id":"http:\/\/1280.fr\/content\/amiral-limousines\/#website"},"datePublished":"2021-12-22T21:09:23+00:00","dateModified":"2021-12-22T21:12:22+00:00","description":"Amiral Limousines vous propose de louer des voitures avec chauffeur sp\u00e9cialement adapt\u00e9es aux besoins des entreprises.","breadcrumb":{"@id":"http:\/\/1280.fr\/content\/amiral-limousines\/les-demandes-specifiques\/#breadcrumb"},"inLanguage":"fr-FR","potentialAction":[{"@type":"ReadAction","target":["http:\/\/1280.fr\/content\/amiral-limousines\/les-demandes-specifiques\/"]}]},{"@type":"BreadcrumbList","@id":"http:\/\/1280.fr\/content\/amiral-limousines\/les-demandes-specifiques\/#breadcrumb","itemListElement":[{"@type":"ListItem","position":1,"name":"Accueil","item":"http:\/\/1280.fr\/content\/amiral-limousines\/"},{"@type":"ListItem","position":2,"name":"Les demandes sp\u00e9cifiques"}]}]}},"_links":{"self":[{"href":"http:\/\/1280.fr\/content\/amiral-limousines\/wp-json\/wp\/v2\/pages\/568","targetHints":{"allow":["GET"]}}],"collection":[{"href":"http:\/\/1280.fr\/content\/amiral-limousines\/wp-json\/wp\/v2\/pages"}],"about":[{"href":"http:\/\/1280.fr\/content\/amiral-limousines\/wp-json\/wp\/v2\/types\/page"}],"author":[{"embeddable":true,"href":"http:\/\/1280.fr\/content\/amiral-limousines\/wp-json\/wp\/v2\/users\/1"}],"replies":[{"embeddable":true,"href":"http:\/\/1280.fr\/content\/amiral-limousines\/wp-json\/wp\/v2\/comments?post=568"}],"version-history":[{"count":3,"href":"http:\/\/1280.fr\/content\/amiral-limousines\/wp-json\/wp\/v2\/pages\/568\/revisions"}],"predecessor-version":[{"id":572,"href":"http:\/\/1280.fr\/content\/amiral-limousines\/wp-json\/wp\/v2\/pages\/568\/revisions\/572"}],"wp:attachment":[{"href":"http:\/\/1280.fr\/content\/amiral-limousines\/wp-json\/wp\/v2\/media?parent=568"}],"curies":[{"name":"wp","href":"https:\/\/api.w.org\/{rel}","templated":true}]}}