{"id":632,"date":"2021-12-22T23:54:20","date_gmt":"2021-12-22T22:54:20","guid":{"rendered":"http:\/\/1280.fr\/content\/amiral-limousines\/?page_id=632"},"modified":"2021-12-22T23:54:20","modified_gmt":"2021-12-22T22:54:20","slug":"conditions-generales","status":"publish","type":"page","link":"http:\/\/1280.fr\/content\/amiral-limousines\/conditions-generales\/","title":{"rendered":"Conditions g\u00e9n\u00e9rales"},"content":{"rendered":"[vc_section pix_over_visibility=\u00a0\u00bb\u00a0\u00bb css=\u00a0\u00bb.vc_custom_1638919843500{margin-bottom: 50px !important;}\u00a0\u00bb][vc_row pix_particles_check=\u00a0\u00bb\u00a0\u00bb][vc_column]<div  class=\"pix-heading-el text-left \"><div><div class=\"slide-in-container\"><h1 class=\"text-secondary font-weight-bold heading-text el-title_custom_color mb-12\" style=\"\" data-anim-type=\"\" data-anim-delay=\"0\">Conditions g\u00e9n\u00e9rales<\/h1><\/div><\/div><\/div>[vc_column_text css=\u00a0\u00bb.vc_custom_1640213704346{margin-top: 50px !important;}\u00a0\u00bb]Le transport de personnes \u00e0 titre on\u00e9reux est r\u00e9glement\u00e9 par d\u00e9crets parus au Journal Officiel de la R\u00e9publique Fran\u00e7aise. En France, seules les voitures de Remise conduites par les chauffeurs titulaires du certificat de capacit\u00e9 aff\u00e9rent et ayant la qualification n\u00e9cessaire y sont autoris\u00e9s. Les v\u00e9hicules et les personnels habilit\u00e9s sont contr\u00f4l\u00e9s par les Pr\u00e9fectures pour assurer ce service.\r\n\r\nSous r\u00e9serve de toutes dispositions l\u00e9gales, tout litige pouvant na\u00eetre est, de convention expresse, de la comp\u00e9tence exclusive du tribunal de Commerce des Hauts de Seine, ou de toute autre juridiction au seul choix de la soci\u00e9t\u00e9 Amiral Limousines Services S.A.R.L.\r\n\r\nConditions G\u00e9n\u00e9rales\r\n\r\nLes prix indiqu\u00e9s sont calcul\u00e9s toutes taxes comprises en \u20ac; ils incluent le service chauffeur, l&rsquo;assurance pour les passagers et les d\u00e9penses pour le v\u00e9hicule (hors frais de route et conditions particuli\u00e8res ci-contre).\r\nLe montant du service, r\u00e9serv\u00e9 int\u00e9gralement au chauffeur, est exon\u00e9r\u00e9 de TVA et ne peut faire l&rsquo;objet de r\u00e9duction, de remise ou de commission.\r\nLes indemnit\u00e9s conventionnelles et les frais \u00e9ventuels, soumis \u00e0 la taxe, ne font pas non plus l&rsquo;objet de remises, r\u00e9ductions ou commissions. Les p\u00e9ages, les parcs et les d\u00e9bours divers sont refactur\u00e9s au client (sauf tarif Tourisme &#8211; cf. conditions particuli\u00e8res).\r\nLes temps et le kilom\u00e9trages sont d\u00e9compt\u00e9s d\u00e9part et retour du v\u00e9hicule au garage, suivant tarification (Sauf conditions particuli\u00e8res) Exemple : sur le forfait Mariage les temps sont d\u00e9compt\u00e9s \u00e0 la prise en charge du client jusqu&rsquo;\u00e0 la destination finale, le kilom\u00e9trages sont d\u00e9compt\u00e9s d\u00e9part et retour garage .Le tarif\u00a0 horaire inclue 20 km par tranche de 1heure.\r\nLe volume de bagages transport\u00e9 est proportionnel \u00e0 la capacit\u00e9 du v\u00e9hicule. Les r\u00e9servations non annul\u00e9es avant le d\u00e9part garage du v\u00e9hicule, ou l&rsquo;absence du client \u00e0 la prise en charge, seront factur\u00e9es.\r\nLes acomptes per\u00e7us ne sont pas restituables.\r\nLes communications radio t\u00e9l\u00e9phoniques sont factur\u00e9es en sus suivant bar\u00e8me (1.5\u20ac appel local). Toute unit\u00e9 de tarification (heure, kilom\u00e8tre, minute) commenc\u00e9e est due.\r\nNos chauffeurs sont susceptibles de proc\u00e9der \u00e0 l&rsquo;encaissement de la prestation par carte de cr\u00e9dit (Carte Bleue Visa, Eurocard, Mastercar, Dinners) sur demande pr\u00e9alable.\r\nLes ch\u00e8ques bancaires fran\u00e7ais et internationaux sont accept\u00e9s sur pr\u00e9sentation de deux pi\u00e8ces d&rsquo;identit\u00e9 dont, pour les \u00e9trangers, un passeport en cours de validit\u00e9.\r\nDans tous les cas, le commanditaire de la prestation demand\u00e9e est seul responsable de son paiement en cas de d\u00e9faillance de l&rsquo;utilisateur, y compris en cas de demande pr\u00e9alable ou ult\u00e9rieure de facturation d\u00e9plac\u00e9e.\r\nSelon la loi n\u00b092-1442 du 31 d\u00e9cembre 1992, toutes nos prestations sont payables comptant pour les particuliers et soci\u00e9t\u00e9s, soit comptant \u00e0 r\u00e9ception de facture pour les clients b\u00e9n\u00e9ficiant d&rsquo;un compte ouvert en nos livres, sauf accord contractuel particulier lequel aura \u00e9t\u00e9 confirm\u00e9 par \u00e9crit. Aucun escompte n&rsquo;est accord\u00e9 pour paiement \u00e0 une date ant\u00e9rieure. En cas de paiement post\u00e9rieur \u00e0 la date figurant sur la facture ou le re\u00e7u, les int\u00e9r\u00eats de retard ne pourront \u00eatre inf\u00e9rieurs \u00e0 3 fois le taux d&rsquo;int\u00e9r\u00eat l\u00e9gal appliqu\u00e9 prorata temporis.\r\nPour les services de longue dur\u00e9e et pour les clients en compte, le r\u00e8glement des factures ou relev\u00e9s pourra faire l&rsquo;objet d&rsquo;un paiement hebdomadaire ou p\u00e9riodique.\r\nEn cas de retard de paiement, notre soci\u00e9t\u00e9 \u00e0 la facult\u00e9 de suspendre ou d&rsquo;annuler les ordres de services en cours sans pr\u00e9judice de tous autres recours.\r\nLes r\u00e9clamations \u00e9ventuelles devront \u00eatres formul\u00e9es de pr\u00e9f\u00e9rence par \u00e9crit, dans les huit jours de la r\u00e9ception, sinon, dans l&rsquo;impossibilit\u00e9 d&rsquo;obtenir des chauffeurs les pr\u00e9cisions demand\u00e9es, elles ne pourront \u00eatre prises en consid\u00e9ration. En cas de litige, le tribunal des Hauts de Seine est seul comp\u00e9tent.\r\n\r\nLa responsabilit\u00e9 du transporteur est express\u00e9ment d\u00e9gag\u00e9e en cas d&rsquo;inobservation par le client des prescriptions concernant les transports.\r\nLes amendes p\u00e9cuniaires, les sanctions p\u00e9nales ou les d\u00e9g\u00e2ts mat\u00e9riels et corporels caus\u00e9s aux tiers ou au v\u00e9hicule qui feraient suite, soit \u00e0 la n\u00e9gligence du client ou de l&rsquo;utilisateur, de leur personnel ou leurs invit\u00e9s, soit aux ordres donn\u00e9s par le client ou l&rsquo;utilisateur, leur personnel ou leurs invit\u00e9s, au chauffeur malgr\u00e9 la mise en garde de ce dernier, seront mises \u00e0 la charge du client qui en acceptera seul la responsabilit\u00e9 et en assumera les cons\u00e9quences quelles qu&rsquo;elles soient.\r\nIl en va ainsi notamment des objets de valeur laiss\u00e9s dans les v\u00e9hicules, des d\u00e9gradations int\u00e9rieures et ext\u00e9rieures aux mat\u00e9riels, de l&rsquo;ouverture intempestive des porti\u00e8res, du nombre de personnes transport\u00e9es ou du poids du chargement en d\u00e9passement des indications figurant sur la carte grise du v\u00e9hicule, des prescriptions d&rsquo;itin\u00e9raires en d\u00e9saccord avec les proc\u00e9dures de s\u00e9curit\u00e9 mises en place, et des demandes de toute nature en contradiction avec la r\u00e9glementation fran\u00e7aise et communautaire, particuli\u00e8rement le Code de la Route.\r\n\r\nConditions Particuli\u00e8res\r\n\r\nA \u2013 Transport de personnes\r\n\r\nConditions particuli\u00e8res \u00e0 la Tarification Urbi :\r\nCette tarification est applicable exclusivement pour Paris et sa premi\u00e8re couronne d\u00e9finie par la distance maximale des a\u00e9roports. La facturation, soumise \u00e0 une prise en charge, est calcul\u00e9e \u00e0 l&rsquo;heure kilom\u00e9trage inclus, majorable des indemnit\u00e9s conventionnelles de repas.\r\n\r\nSur prestation mariage les v\u00e9hicules sont lou\u00e9s pour les mari\u00e9s et leurs invit\u00e9(e)s (le ou la mari\u00e9(e) \u00e0 bord du v\u00e9hicule).Dans le cas contraire une caution sera demand\u00e9e avant le d\u00e9but de la prestation.\r\nEn cas de prise en charge en dehors de Paris et communes limitrophes ou en dehors des lieus pr\u00e9vus dans les forfaits, un co\u00fbt pour le kilom\u00e9trage suppl\u00e9mentaire sera factur\u00e9 au client,\r\net indiqu\u00e9 au moment de la r\u00e9servation (Sauf conditions particuli\u00e8res).\r\nLes temps et le kilom\u00e9trages sont d\u00e9compt\u00e9s d\u00e9part et retour du v\u00e9hicule au garage, suivant tarification (Sauf conditions particuli\u00e8res) Exemple : sur le forfait Mariage les temps sont d\u00e9compt\u00e9s \u00e0 la prise en charge du client jusqu&rsquo;\u00e0 la destination finale, et le kilom\u00e9trages sont d\u00e9compt\u00e9s d\u00e9part et retour garage.\r\nLes prix indiqu\u00e9s sur nos devis ne sont valables que 10 jours apr\u00e8s la date d&rsquo;envoi.\r\nLa d\u00e9coration (mariage) pr\u00e9vue en option dans notre forfait reste notre propri\u00e9t\u00e9. Le client ne peut l&#8217;emporter.\r\nToute r\u00e9siliation par le client d&rsquo;une r\u00e9servation, qu&rsquo;elle qu&rsquo;en soit la cause, entra\u00eene pour celui-ci la perte de l&rsquo;acompte de 50%, \u00e0 titre d&rsquo;indemnit\u00e9 forfaitaire et irr\u00e9ductible. Pour les forfaits mariage, un avoir \u00e9quivalent \u00e0 l&rsquo;acompte pourra \u00eatre vers\u00e9 avec l&rsquo;accord de la direction.\r\nDans le cas o\u00f9 le loueur ne pourrait mettre \u00e0 disposition le v\u00e9hicule pr\u00e9vu dans le contrat le jour de la prestation ou avant la prestation (forfaits mariages), l&rsquo;acompte sera int\u00e9gralement rembours\u00e9 sans recours ni indemnit\u00e9 pour le pr\u00e9judice caus\u00e9, \u00e0 moins que les deux parties s&rsquo;entendent sur la mise \u00e0 disposition d&rsquo;un autre v\u00e9hicule si les circonstances le permettent. Pour toutes les autres prestations que les mariages l&rsquo;acompte est conserv\u00e9.\r\nEn cas de panne au cours de la prestation rendant indisponible le v\u00e9hicule, la dite prestation sera offerte sans recours ni indemnit\u00e9 pour le pr\u00e9judice caus\u00e9 (forfait mariage). Cette clause ne s&rsquo;applique pas s&rsquo;il s&rsquo;agit d&rsquo;un v\u00e9hicule parmi une flotte mis \u00e0 disposition pour le client. Un autre v\u00e9hicule pourra \u00eatre mis \u00e0 disposition si les circonstances le permettent ; sinon la quote-part de ce v\u00e9hicule sera rembours\u00e9e.\r\nPour tous services, except\u00e9 les transferts et les forfaits, incluant la plage horaire entre 11h30 et 14h et entre 19h et 21h un repas chauffeur \u00e0 16\u20ac sera factur\u00e9 en suppl\u00e9ment.\r\nLe montant du service, \u00e9tant int\u00e9gralement revers\u00e9 au chauffeur, n&rsquo;est pas passible de la T.V.A..\r\nN\u00e9anmoins si un \u00e9ventuel retard de quelque nature que ce soit, non imputable au loueur. Aucun recours ni indemnit\u00e9 pour le pr\u00e9judice caus\u00e9 en cas de retard du v\u00e9hicule, ne sauraient \u00eatre accept\u00e9, \u00e0 moins que les 2 parties s&rsquo;entendent sur un r\u00e8glement \u00e0 l&rsquo;amiable du contrat. En tout \u00e9tat de cause l&rsquo;acompte sera conserv\u00e9 si le retard est inf\u00e9rieur \u00e0 50% de la dur\u00e9e totale de la prestation ou rembours\u00e9 int\u00e9gralement si le retard est sup\u00e9rieur \u00e0 50%.\r\nLa T.V.A. (10%) est incluse dans le \u00ab prix voiture \u00bb et les frais pr\u00e9vus.\r\n\r\nConditions particuli\u00e8res \u00e0 la Tarification Orbi :\r\nCette tarification est applicable pour toutes destinations. La facturation est calcul\u00e9e \u00e0 l&rsquo;heure et au kilom\u00e8tre d\u00e9compt\u00e9s d\u00e9part et retour garage, major\u00e9e des indemnit\u00e9s conventionnelles de repas et de d\u00e9coucher.\r\n(Sauf conditions particuli\u00e8res)\r\n\r\nConditions particuli\u00e8res \u00e0 la Tarification Forfaitaire :\r\nToute dur\u00e9e sup\u00e9rieure \u00e0 douze heures, d\u00e9compt\u00e9e d\u00e9part et retour garage, entra\u00eene la tarification au forfait journalier. Pour tout service nocturne, un suppl\u00e9ment horaire est factur\u00e9.\r\nEn longue distance, hors de Paris et de sa couronne d\u00e9finie par la distance maximale des a\u00e9roports, la facturation est d\u00e9compt\u00e9e chaque jour au forfait journalier major\u00e9 des frais de route (carburant, p\u00e9ages) et d&rsquo;une indemnit\u00e9 conventionnelle de d\u00e9coucher.\r\n\r\nB &#8211; Services Pr\u00e9par\u00e9s\r\n\r\nConditions particuli\u00e8res au Service A\u00e9roports :\r\nCe service fonctionne tous les jours de 07h30 \u00e0 23h30, sous r\u00e9serve de disponibilit\u00e9 et sans engagement quant au type de v\u00e9hicule utilis\u00e9, au d\u00e9part ou \u00e0 l&rsquo;arriv\u00e9e des a\u00e9roports parisiens pour une seule prise en charge et une seule destination de ou vers Paris intra-muros exclusivement. Tout d\u00e9passement de dur\u00e9e (2 heures &#8211; temps d\u00e9compt\u00e9s d\u00e9part et retour garage) entra\u00eene la tarification de mise \u00e0 disposition.\r\n\r\nConditions particuli\u00e8res \u00e0 la Tarification Tourisme :\r\nEn application des programmes pr\u00e9par\u00e9s pour ces excursions (d\u00e9compte horaire effectu\u00e9 d\u00e9part et retour garage), les prix stipul\u00e9s int\u00e8grent tous les frais de carburant, p\u00e9ages, et indemnit\u00e9s diverses ; ils excluent les entr\u00e9es dans les mus\u00e9es, les guidages sp\u00e9cialis\u00e9s lesquels sont r\u00e9glement\u00e9s et font l&rsquo;objet d&rsquo;un suppl\u00e9ment sp\u00e9cifique, les notes de restaurants ou d&rsquo;h\u00f4tels, les transports compl\u00e9mentaires par air, mer, rail ou route ainsi que les d\u00e9bours de toute autre nature. Toute demande accessoire au programme pr\u00e9par\u00e9 ainsi que tout d\u00e9passement des dur\u00e9es pr\u00e9vues entra\u00eene la tarification de mise \u00e0 disposition.[\/vc_column_text][\/vc_column][\/vc_row][\/vc_section]","protected":false},"excerpt":{"rendered":"[vc_section pix_over_visibility=\u00a0\u00bb\u00a0\u00bb css=\u00a0\u00bb.vc_custom_1638919843500{margin-bottom: 50px !important;}\u00a0\u00bb][vc_row pix_particles_check=\u00a0\u00bb\u00a0\u00bb][vc_column][vc_column_text css=\u00a0\u00bb.vc_custom_1640213704346{margin-top: 50px !important;}\u00a0\u00bb]Le transport de personnes \u00e0 titre on\u00e9reux est r\u00e9glement\u00e9 par d\u00e9crets parus au Journal Officiel de la R\u00e9publique Fran\u00e7aise. En France, seules les voitures de Remise conduites par les chauffeurs titulaires du&#8230;","protected":false},"author":1,"featured_media":0,"parent":0,"menu_order":0,"comment_status":"closed","ping_status":"closed","template":"","meta":{"footnotes":""},"class_list":["post-632","page","type-page","status-publish","hentry"],"yoast_head":"<!-- This site is optimized with the Yoast SEO plugin v17.8 - https:\/\/yoast.com\/wordpress\/plugins\/seo\/ -->\n<title>Conditions g\u00e9n\u00e9rales - Amiral Limousines<\/title>\n<meta name=\"description\" content=\"Prenez connaissance des conditions g\u00e9n\u00e9rales d&#039;Amiral Limousines, sp\u00e9cialiste en France de la location de v\u00e9hicules avec chauffeur.\" \/>\n<meta name=\"robots\" content=\"noindex, follow, max-snippet:-1, max-image-preview:large, max-video-preview:-1\" \/>\n<meta property=\"og:locale\" content=\"fr_FR\" \/>\n<meta property=\"og:type\" content=\"article\" \/>\n<meta property=\"og:title\" content=\"Conditions g\u00e9n\u00e9rales - Amiral Limousines\" \/>\n<meta property=\"og:description\" content=\"Prenez connaissance des conditions g\u00e9n\u00e9rales d&#039;Amiral Limousines, sp\u00e9cialiste en France de la location de v\u00e9hicules avec chauffeur.\" \/>\n<meta property=\"og:url\" content=\"http:\/\/1280.fr\/content\/amiral-limousines\/conditions-generales\/\" \/>\n<meta property=\"og:site_name\" content=\"Amiral Limousines\" \/>\n<meta name=\"twitter:card\" content=\"summary_large_image\" \/>\n<meta name=\"twitter:label1\" content=\"Dur\u00e9e de lecture estim\u00e9e\" \/>\n\t<meta name=\"twitter:data1\" content=\"9 minutes\" \/>\n<script type=\"application\/ld+json\" class=\"yoast-schema-graph\">{\"@context\":\"https:\/\/schema.org\",\"@graph\":[{\"@type\":\"WebSite\",\"@id\":\"http:\/\/1280.fr\/content\/amiral-limousines\/#website\",\"url\":\"http:\/\/1280.fr\/content\/amiral-limousines\/\",\"name\":\"Amiral Limousines\",\"description\":\"Sp\\u00e9cialiste de la location de v\\u00e9hicules d&#039;exception\",\"potentialAction\":[{\"@type\":\"SearchAction\",\"target\":{\"@type\":\"EntryPoint\",\"urlTemplate\":\"http:\/\/1280.fr\/content\/amiral-limousines\/?s={search_term_string}\"},\"query-input\":\"required name=search_term_string\"}],\"inLanguage\":\"fr-FR\"},{\"@type\":\"WebPage\",\"@id\":\"http:\/\/1280.fr\/content\/amiral-limousines\/conditions-generales\/#webpage\",\"url\":\"http:\/\/1280.fr\/content\/amiral-limousines\/conditions-generales\/\",\"name\":\"Conditions g\\u00e9n\\u00e9rales - Amiral Limousines\",\"isPartOf\":{\"@id\":\"http:\/\/1280.fr\/content\/amiral-limousines\/#website\"},\"datePublished\":\"2021-12-22T22:54:20+00:00\",\"dateModified\":\"2021-12-22T22:54:20+00:00\",\"description\":\"Prenez connaissance des conditions g\\u00e9n\\u00e9rales d'Amiral Limousines, sp\\u00e9cialiste en France de la location de v\\u00e9hicules avec chauffeur.\",\"breadcrumb\":{\"@id\":\"http:\/\/1280.fr\/content\/amiral-limousines\/conditions-generales\/#breadcrumb\"},\"inLanguage\":\"fr-FR\",\"potentialAction\":[{\"@type\":\"ReadAction\",\"target\":[\"http:\/\/1280.fr\/content\/amiral-limousines\/conditions-generales\/\"]}]},{\"@type\":\"BreadcrumbList\",\"@id\":\"http:\/\/1280.fr\/content\/amiral-limousines\/conditions-generales\/#breadcrumb\",\"itemListElement\":[{\"@type\":\"ListItem\",\"position\":1,\"name\":\"Accueil\",\"item\":\"http:\/\/1280.fr\/content\/amiral-limousines\/\"},{\"@type\":\"ListItem\",\"position\":2,\"name\":\"Conditions g\\u00e9n\\u00e9rales\"}]}]}<\/script>\n<!-- \/ Yoast SEO plugin. -->","yoast_head_json":{"title":"Conditions g\u00e9n\u00e9rales - Amiral Limousines","description":"Prenez connaissance des conditions g\u00e9n\u00e9rales d'Amiral Limousines, sp\u00e9cialiste en France de la location de v\u00e9hicules avec chauffeur.","robots":{"index":"noindex","follow":"follow","max-snippet":"max-snippet:-1","max-image-preview":"max-image-preview:large","max-video-preview":"max-video-preview:-1"},"og_locale":"fr_FR","og_type":"article","og_title":"Conditions g\u00e9n\u00e9rales - Amiral Limousines","og_description":"Prenez connaissance des conditions g\u00e9n\u00e9rales d'Amiral Limousines, sp\u00e9cialiste en France de la location de v\u00e9hicules avec chauffeur.","og_url":"http:\/\/1280.fr\/content\/amiral-limousines\/conditions-generales\/","og_site_name":"Amiral Limousines","twitter_card":"summary_large_image","twitter_misc":{"Dur\u00e9e de lecture estim\u00e9e":"9 minutes"},"schema":{"@context":"https:\/\/schema.org","@graph":[{"@type":"WebSite","@id":"http:\/\/1280.fr\/content\/amiral-limousines\/#website","url":"http:\/\/1280.fr\/content\/amiral-limousines\/","name":"Amiral Limousines","description":"Sp\u00e9cialiste de la location de v\u00e9hicules d&#039;exception","potentialAction":[{"@type":"SearchAction","target":{"@type":"EntryPoint","urlTemplate":"http:\/\/1280.fr\/content\/amiral-limousines\/?s={search_term_string}"},"query-input":"required name=search_term_string"}],"inLanguage":"fr-FR"},{"@type":"WebPage","@id":"http:\/\/1280.fr\/content\/amiral-limousines\/conditions-generales\/#webpage","url":"http:\/\/1280.fr\/content\/amiral-limousines\/conditions-generales\/","name":"Conditions g\u00e9n\u00e9rales - Amiral Limousines","isPartOf":{"@id":"http:\/\/1280.fr\/content\/amiral-limousines\/#website"},"datePublished":"2021-12-22T22:54:20+00:00","dateModified":"2021-12-22T22:54:20+00:00","description":"Prenez connaissance des conditions g\u00e9n\u00e9rales d'Amiral Limousines, sp\u00e9cialiste en France de la location de v\u00e9hicules avec chauffeur.","breadcrumb":{"@id":"http:\/\/1280.fr\/content\/amiral-limousines\/conditions-generales\/#breadcrumb"},"inLanguage":"fr-FR","potentialAction":[{"@type":"ReadAction","target":["http:\/\/1280.fr\/content\/amiral-limousines\/conditions-generales\/"]}]},{"@type":"BreadcrumbList","@id":"http:\/\/1280.fr\/content\/amiral-limousines\/conditions-generales\/#breadcrumb","itemListElement":[{"@type":"ListItem","position":1,"name":"Accueil","item":"http:\/\/1280.fr\/content\/amiral-limousines\/"},{"@type":"ListItem","position":2,"name":"Conditions g\u00e9n\u00e9rales"}]}]}},"_links":{"self":[{"href":"http:\/\/1280.fr\/content\/amiral-limousines\/wp-json\/wp\/v2\/pages\/632","targetHints":{"allow":["GET"]}}],"collection":[{"href":"http:\/\/1280.fr\/content\/amiral-limousines\/wp-json\/wp\/v2\/pages"}],"about":[{"href":"http:\/\/1280.fr\/content\/amiral-limousines\/wp-json\/wp\/v2\/types\/page"}],"author":[{"embeddable":true,"href":"http:\/\/1280.fr\/content\/amiral-limousines\/wp-json\/wp\/v2\/users\/1"}],"replies":[{"embeddable":true,"href":"http:\/\/1280.fr\/content\/amiral-limousines\/wp-json\/wp\/v2\/comments?post=632"}],"version-history":[{"count":1,"href":"http:\/\/1280.fr\/content\/amiral-limousines\/wp-json\/wp\/v2\/pages\/632\/revisions"}],"predecessor-version":[{"id":633,"href":"http:\/\/1280.fr\/content\/amiral-limousines\/wp-json\/wp\/v2\/pages\/632\/revisions\/633"}],"wp:attachment":[{"href":"http:\/\/1280.fr\/content\/amiral-limousines\/wp-json\/wp\/v2\/media?parent=632"}],"curies":[{"name":"wp","href":"https:\/\/api.w.org\/{rel}","templated":true}]}}